{"id":3713,"date":"2022-03-16T12:49:14","date_gmt":"2022-03-16T12:49:14","guid":{"rendered":"https:\/\/www.golftrophytenerife.com\/?page_id=3713"},"modified":"2024-01-29T12:11:29","modified_gmt":"2024-01-29T12:11:29","slug":"sponsoren","status":"publish","type":"page","link":"https:\/\/www.golftrophytenerife.com\/de\/sponsoren\/","title":{"rendered":"Sponsoren"},"content":{"rendered":"\t\t<div data-elementor-type=\"wp-page\" data-elementor-id=\"3713\" class=\"elementor elementor-3713\">\n\t\t\t\t\t\t\t\t\t<section class=\"elementor-section elementor-top-section elementor-element elementor-element-658b53d elementor-section-boxed elementor-section-height-default elementor-section-height-default\" data-id=\"658b53d\" data-element_type=\"section\">\n\t\t\t\t\t\t<div class=\"elementor-container elementor-column-gap-default\">\n\t\t\t\t\t<div class=\"elementor-column elementor-col-100 elementor-top-column elementor-element elementor-element-c26ba7e\" data-id=\"c26ba7e\" data-element_type=\"column\">\n\t\t\t<div class=\"elementor-widget-wrap elementor-element-populated\">\n\t\t\t\t\t\t\t\t<div class=\"elementor-element elementor-element-f303eea elementor-position-top elementor-vertical-align-top elementor-widget elementor-widget-image-box\" data-id=\"f303eea\" data-element_type=\"widget\" data-widget_type=\"image-box.default\">\n\t\t\t\t<div class=\"elementor-widget-container\">\n\t\t\t<style>\/*! elementor - v3.6.4 - 13-04-2022 *\/\n.elementor-widget-image-box .elementor-image-box-content{width:100%}@media (min-width:768px){.elementor-widget-image-box.elementor-position-left .elementor-image-box-wrapper,.elementor-widget-image-box.elementor-position-right .elementor-image-box-wrapper{display:-webkit-box;display:-ms-flexbox;display:flex}.elementor-widget-image-box.elementor-position-right .elementor-image-box-wrapper{text-align:right;-webkit-box-orient:horizontal;-webkit-box-direction:reverse;-ms-flex-direction:row-reverse;flex-direction:row-reverse}.elementor-widget-image-box.elementor-position-left .elementor-image-box-wrapper{text-align:left;-webkit-box-orient:horizontal;-webkit-box-direction:normal;-ms-flex-direction:row;flex-direction:row}.elementor-widget-image-box.elementor-position-top .elementor-image-box-img{margin:auto}.elementor-widget-image-box.elementor-vertical-align-top .elementor-image-box-wrapper{-webkit-box-align:start;-ms-flex-align:start;align-items:flex-start}.elementor-widget-image-box.elementor-vertical-align-middle .elementor-image-box-wrapper{-webkit-box-align:center;-ms-flex-align:center;align-items:center}.elementor-widget-image-box.elementor-vertical-align-bottom .elementor-image-box-wrapper{-webkit-box-align:end;-ms-flex-align:end;align-items:flex-end}}@media (max-width:767px){.elementor-widget-image-box .elementor-image-box-img{margin-left:auto!important;margin-right:auto!important;margin-bottom:15px}}.elementor-widget-image-box .elementor-image-box-img{display:inline-block}.elementor-widget-image-box .elementor-image-box-title a{color:inherit}.elementor-widget-image-box .elementor-image-box-wrapper{text-align:center}.elementor-widget-image-box .elementor-image-box-description{margin:0}<\/style><div class=\"elementor-image-box-wrapper\"><figure class=\"elementor-image-box-img\"><a href=\"https:\/\/alg.widencollective.com\/portals\/ilv4en79\/AMRCollectionMasterPortal\"><img loading=\"lazy\" decoding=\"async\" width=\"520\" height=\"191\" src=\"https:\/\/www.golftrophytenerife.com\/wp-content\/uploads\/2024\/01\/Hyatt.png\" class=\"attachment-large size-large\" alt=\"\" \/><\/a><\/figure><div class=\"elementor-image-box-content\"><h4 class=\"elementor-image-box-title\"><a href=\"https:\/\/alg.widencollective.com\/portals\/ilv4en79\/AMRCollectionMasterPortal\">World of Hyatt<span style=\"color: rgb(255, 255, 255); font-family: SourceSansPro-Bold, Arial, sans-serif; font-size: 4rem; font-weight: inherit; white-space: normal; letter-spacing: var( --e-global-typography-d3dae9a-letter-spacing ); word-spacing: var( --e-global-typography-d3dae9a-word-spacing );\">&nbsp;<\/span><\/a><\/h4><p class=\"elementor-image-box-description\">\nHyatt Hotels Corporation, allgemein bekannt als Hyatt Hotels & Resorts, ist ein amerikanisches multinationales Hotelunternehmen mit Hauptsitz im Stadtteil Riverside Plaza in Chicago, das Luxus- und Businesshotels, Resorts und Ferienimmobilien verwaltet und vertreibt. Und seit 2024 ist Hyatt auch auf die wundersch\u00f6nen Kanarischen Inseln expandiert.<\/p><\/div><\/div>\t\t<\/div>\n\t\t\t\t<\/div>\n\t\t\t\t\t<\/div>\n\t\t<\/div>\n\t\t\t\t\t\t\t<\/div>\n\t\t<\/section>\n\t\t\t\t<section class=\"elementor-section elementor-top-section elementor-element elementor-element-69135cf elementor-section-boxed elementor-section-height-default elementor-section-height-default\" data-id=\"69135cf\" data-element_type=\"section\">\n\t\t\t\t\t\t<div class=\"elementor-container elementor-column-gap-default\">\n\t\t\t\t\t<div class=\"elementor-column elementor-col-50 elementor-top-column elementor-element elementor-element-8d011da\" data-id=\"8d011da\" data-element_type=\"column\">\n\t\t\t<div class=\"elementor-widget-wrap elementor-element-populated\">\n\t\t\t\t\t\t\t\t<div class=\"elementor-element elementor-element-74d5bd2 elementor-position-top elementor-vertical-align-top elementor-widget elementor-widget-image-box\" data-id=\"74d5bd2\" data-element_type=\"widget\" data-widget_type=\"image-box.default\">\n\t\t\t\t<div class=\"elementor-widget-container\">\n\t\t\t<div class=\"elementor-image-box-wrapper\"><figure class=\"elementor-image-box-img\"><a href=\"https:\/\/www.aluahotels.com\/hotel-alua-atlantico-golf-resort-en-tenerife\/?partner=3453&#038;gclid=CjwKCAjwrfCRBhAXEiwAnkmKmdZs3GYhf0B-NTqeJmnO8XxXEyB_V93vmX2n1ewAQ8s0tepe_zbUZhoCcSkQAvD_BwE\"><img loading=\"lazy\" decoding=\"async\" width=\"300\" height=\"300\" src=\"https:\/\/www.golftrophytenerife.com\/wp-content\/uploads\/2022\/03\/Alua-300x300.jpg\" class=\"attachment-medium size-medium\" alt=\"Alua Hoteles\" \/><\/a><\/figure><div class=\"elementor-image-box-content\"><h4 class=\"elementor-image-box-title\"><a href=\"https:\/\/www.aluahotels.com\/hotel-alua-atlantico-golf-resort-en-tenerife\/?partner=3453&#038;gclid=CjwKCAjwrfCRBhAXEiwAnkmKmdZs3GYhf0B-NTqeJmnO8XxXEyB_V93vmX2n1ewAQ8s0tepe_zbUZhoCcSkQAvD_BwE\">Al\u00faa - Atl\u00e1ntico Golf Resort<span style=\"color: rgb(255, 255, 255); font-family: SourceSansPro-Bold, Arial, sans-serif; font-size: 4rem; font-weight: inherit; white-space: normal; letter-spacing: var( --e-global-typography-d3dae9a-letter-spacing ); word-spacing: var( --e-global-typography-d3dae9a-word-spacing );\">&nbsp;<\/span><\/a><\/h4><p class=\"elementor-image-box-description\">Das Alua Atl\u00e1ntico Golf Resort ist ein wundersch\u00f6ner und komplett renovierter Komplex im S\u00fcden Teneriffas ganz in der N\u00e4he der Golfpl\u00e4tze Amarilla Golf und Golf del Sur.\n<\/p><\/div><\/div>\t\t<\/div>\n\t\t\t\t<\/div>\n\t\t\t\t\t<\/div>\n\t\t<\/div>\n\t\t\t\t<div class=\"elementor-column elementor-col-50 elementor-top-column elementor-element elementor-element-ed5fac2\" data-id=\"ed5fac2\" data-element_type=\"column\">\n\t\t\t<div class=\"elementor-widget-wrap elementor-element-populated\">\n\t\t\t\t\t\t\t\t<div class=\"elementor-element elementor-element-7e572bc elementor-position-top elementor-vertical-align-top elementor-widget elementor-widget-image-box\" data-id=\"7e572bc\" data-element_type=\"widget\" data-widget_type=\"image-box.default\">\n\t\t\t\t<div class=\"elementor-widget-container\">\n\t\t\t<div class=\"elementor-image-box-wrapper\"><figure class=\"elementor-image-box-img\"><a href=\"https:\/\/vault.appleleisuregroup.com\/portals\/d4hg4dlc\/DreamsResourceHomepage\"><img loading=\"lazy\" decoding=\"async\" width=\"403\" height=\"196\" src=\"https:\/\/www.golftrophytenerife.com\/wp-content\/uploads\/2024\/01\/DreamResorts.png\" class=\"attachment-large size-large\" alt=\"\" \/><\/a><\/figure><div class=\"elementor-image-box-content\"><h4 class=\"elementor-image-box-title\"><a href=\"https:\/\/vault.appleleisuregroup.com\/portals\/d4hg4dlc\/DreamsResourceHomepage\">Dream Resorts &amp; Spa<\/a><\/h4><p class=\"elementor-image-box-description\">Das Dreams Jard\u00edn Tropical Resort & Spa liegt an der Costa Adeje und ist ein Strandresort auf Teneriffa, das zum Entspannen in einer ruhigen Umgebung einl\u00e4dt.<\/p><\/div><\/div>\t\t<\/div>\n\t\t\t\t<\/div>\n\t\t\t\t\t<\/div>\n\t\t<\/div>\n\t\t\t\t\t\t\t<\/div>\n\t\t<\/section>\n\t\t\t\t<section class=\"elementor-section elementor-top-section elementor-element elementor-element-b8812be elementor-section-boxed elementor-section-height-default elementor-section-height-default\" data-id=\"b8812be\" data-element_type=\"section\">\n\t\t\t\t\t\t<div class=\"elementor-container elementor-column-gap-default\">\n\t\t\t\t\t<div class=\"elementor-column elementor-col-50 elementor-top-column elementor-element elementor-element-728c180\" data-id=\"728c180\" data-element_type=\"column\">\n\t\t\t<div class=\"elementor-widget-wrap elementor-element-populated\">\n\t\t\t\t\t\t\t\t<div class=\"elementor-element elementor-element-650ff04 elementor-widget elementor-widget-image\" data-id=\"650ff04\" data-element_type=\"widget\" data-widget_type=\"image.default\">\n\t\t\t\t<div class=\"elementor-widget-container\">\n\t\t\t<style>\/*! elementor - v3.6.4 - 13-04-2022 *\/\n.elementor-widget-image{text-align:center}.elementor-widget-image a{display:inline-block}.elementor-widget-image a img[src$=\".svg\"]{width:48px}.elementor-widget-image img{vertical-align:middle;display:inline-block}<\/style>\t\t\t\t\t\t\t\t\t\t\t\t<img loading=\"lazy\" decoding=\"async\" width=\"800\" height=\"510\" src=\"https:\/\/www.golftrophytenerife.com\/wp-content\/uploads\/2024\/01\/AluaHotel-1024x653.jpg\" class=\"attachment-large size-large\" alt=\"\" srcset=\"https:\/\/www.golftrophytenerife.com\/wp-content\/uploads\/2024\/01\/AluaHotel-1024x653.jpg 1024w, https:\/\/www.golftrophytenerife.com\/wp-content\/uploads\/2024\/01\/AluaHotel-300x191.jpg 300w, https:\/\/www.golftrophytenerife.com\/wp-content\/uploads\/2024\/01\/AluaHotel-768x490.jpg 768w, https:\/\/www.golftrophytenerife.com\/wp-content\/uploads\/2024\/01\/AluaHotel.jpg 1044w\" sizes=\"auto, (max-width: 800px) 100vw, 800px\" \/>\t\t\t\t\t\t\t\t\t\t\t\t\t\t\t<\/div>\n\t\t\t\t<\/div>\n\t\t\t\t\t<\/div>\n\t\t<\/div>\n\t\t\t\t<div class=\"elementor-column elementor-col-50 elementor-top-column elementor-element elementor-element-0b60024\" data-id=\"0b60024\" data-element_type=\"column\">\n\t\t\t<div class=\"elementor-widget-wrap elementor-element-populated\">\n\t\t\t\t\t\t\t\t<div class=\"elementor-element elementor-element-5754d62 elementor-widget elementor-widget-image\" data-id=\"5754d62\" data-element_type=\"widget\" data-widget_type=\"image.default\">\n\t\t\t\t<div class=\"elementor-widget-container\">\n\t\t\t\t\t\t\t\t\t\t\t\t\t\t\t<img loading=\"lazy\" decoding=\"async\" width=\"800\" height=\"630\" src=\"https:\/\/www.golftrophytenerife.com\/wp-content\/uploads\/2024\/01\/JardinTropical.jpg\" class=\"attachment-large size-large\" alt=\"\" srcset=\"https:\/\/www.golftrophytenerife.com\/wp-content\/uploads\/2024\/01\/JardinTropical.jpg 850w, https:\/\/www.golftrophytenerife.com\/wp-content\/uploads\/2024\/01\/JardinTropical-300x236.jpg 300w, https:\/\/www.golftrophytenerife.com\/wp-content\/uploads\/2024\/01\/JardinTropical-768x604.jpg 768w\" sizes=\"auto, (max-width: 800px) 100vw, 800px\" \/>\t\t\t\t\t\t\t\t\t\t\t\t\t\t\t<\/div>\n\t\t\t\t<\/div>\n\t\t\t\t\t<\/div>\n\t\t<\/div>\n\t\t\t\t\t\t\t<\/div>\n\t\t<\/section>\n\t\t\t\t\t\t\t<\/div>\n\t\t","protected":false},"excerpt":{"rendered":"<p>World of Hyatt&nbsp; Hyatt Hotels Corporation, allgemein bekannt als Hyatt Hotels &#038; Resorts, ist ein amerikanisches multinationales Hotelunternehmen mit Hauptsitz im Stadtteil Riverside Plaza in Chicago, das Luxus- und Businesshotels, Resorts und Ferienimmobilien verwaltet und vertreibt. Und seit 2024 ist Hyatt auch auf die wundersch\u00f6nen Kanarischen Inseln expandiert. Al\u00faa &#8211; Atl\u00e1ntico Golf Resort&nbsp; Das Alua [&hellip;]<\/p>\n","protected":false},"author":2,"featured_media":0,"parent":0,"menu_order":0,"comment_status":"closed","ping_status":"closed","template":"","meta":{"spay_email":"","footnotes":""},"class_list":["post-3713","page","type-page","status-publish","hentry"],"yoast_head":"<!-- This site is optimized with the Yoast SEO plugin v18.6 - https:\/\/yoast.com\/wordpress\/plugins\/seo\/ -->\n<title>Sponsoren - Golf Trophy Tenerife<\/title>\n<meta name=\"description\" content=\"Sponsoren Golf Turniere Teneriffa Golf Trophy 2022 auf den besten Golfpl\u00e4tzen Amarilla Golf, Golf del Sur, Costa Adeje, Buenavista, Americas\" \/>\n<meta name=\"robots\" content=\"index, follow, max-snippet:-1, max-image-preview:large, max-video-preview:-1\" \/>\n<link rel=\"canonical\" href=\"https:\/\/www.golftrophytenerife.com\/de\/sponsoren\/\" \/>\n<meta property=\"og:locale\" content=\"de_DE\" \/>\n<meta property=\"og:type\" content=\"article\" \/>\n<meta property=\"og:title\" content=\"Sponsoren - Golf Trophy Tenerife\" \/>\n<meta property=\"og:description\" content=\"Sponsoren Golf Turniere Teneriffa Golf Trophy 2022 auf den besten Golfpl\u00e4tzen Amarilla Golf, Golf del Sur, Costa Adeje, Buenavista, Americas\" \/>\n<meta property=\"og:url\" content=\"https:\/\/www.golftrophytenerife.com\/de\/sponsoren\/\" \/>\n<meta property=\"og:site_name\" content=\"Golf Trophy Tenerife\" \/>\n<meta property=\"article:publisher\" content=\"https:\/\/www.facebook.com\/golftrophytenerife\" \/>\n<meta property=\"article:modified_time\" content=\"2024-01-29T12:11:29+00:00\" \/>\n<meta property=\"og:image\" content=\"https:\/\/www.golftrophytenerife.com\/wp-content\/uploads\/2024\/01\/Hyatt.png\" \/>\n<meta name=\"twitter:card\" content=\"summary_large_image\" \/>\n<meta name=\"twitter:label1\" content=\"Gesch\u00e4tzte Lesezeit\" \/>\n\t<meta name=\"twitter:data1\" content=\"8\u00a0Minuten\" \/>\n<script type=\"application\/ld+json\" class=\"yoast-schema-graph\">{\"@context\":\"https:\/\/schema.org\",\"@graph\":[{\"@type\":\"Organization\",\"@id\":\"https:\/\/www.golftrophytenerife.com\/#organization\",\"name\":\"Golf Trophy Tenerife\",\"url\":\"https:\/\/www.golftrophytenerife.com\/\",\"sameAs\":[\"https:\/\/www.facebook.com\/golftrophytenerife\",\"https:\/\/www.instagram.com\/golftrophytf\/?hl=es\"],\"logo\":{\"@type\":\"ImageObject\",\"@id\":\"https:\/\/www.golftrophytenerife.com\/#logo\",\"inLanguage\":\"de\",\"url\":\"https:\/\/www.golftrophytenerife.com\/wp-content\/uploads\/2022\/04\/image001.png\",\"contentUrl\":\"https:\/\/www.golftrophytenerife.com\/wp-content\/uploads\/2022\/04\/image001.png\",\"width\":3554,\"height\":3550,\"caption\":\"Golf Trophy Tenerife\"},\"image\":{\"@id\":\"https:\/\/www.golftrophytenerife.com\/#logo\"}},{\"@type\":\"WebSite\",\"@id\":\"https:\/\/www.golftrophytenerife.com\/#website\",\"url\":\"https:\/\/www.golftrophytenerife.com\/\",\"name\":\"Golf Trophy Tenerife\",\"description\":\"Torneos Golf Internacionales Tenerife\",\"publisher\":{\"@id\":\"https:\/\/www.golftrophytenerife.com\/#organization\"},\"potentialAction\":[{\"@type\":\"SearchAction\",\"target\":{\"@type\":\"EntryPoint\",\"urlTemplate\":\"https:\/\/www.golftrophytenerife.com\/?s={search_term_string}\"},\"query-input\":\"required name=search_term_string\"}],\"inLanguage\":\"de\"},{\"@type\":\"ImageObject\",\"@id\":\"https:\/\/www.golftrophytenerife.com\/de\/sponsoren\/#primaryimage\",\"inLanguage\":\"de\",\"url\":\"https:\/\/www.golftrophytenerife.com\/wp-content\/uploads\/2024\/01\/Hyatt.png\",\"contentUrl\":\"https:\/\/www.golftrophytenerife.com\/wp-content\/uploads\/2024\/01\/Hyatt.png\",\"width\":520,\"height\":191},{\"@type\":\"WebPage\",\"@id\":\"https:\/\/www.golftrophytenerife.com\/de\/sponsoren\/#webpage\",\"url\":\"https:\/\/www.golftrophytenerife.com\/de\/sponsoren\/\",\"name\":\"Sponsoren - Golf Trophy Tenerife\",\"isPartOf\":{\"@id\":\"https:\/\/www.golftrophytenerife.com\/#website\"},\"primaryImageOfPage\":{\"@id\":\"https:\/\/www.golftrophytenerife.com\/de\/sponsoren\/#primaryimage\"},\"datePublished\":\"2022-03-16T12:49:14+00:00\",\"dateModified\":\"2024-01-29T12:11:29+00:00\",\"description\":\"Sponsoren Golf Turniere Teneriffa Golf Trophy 2022 auf den besten Golfpl\u00e4tzen Amarilla Golf, Golf del Sur, Costa Adeje, Buenavista, Americas\",\"breadcrumb\":{\"@id\":\"https:\/\/www.golftrophytenerife.com\/de\/sponsoren\/#breadcrumb\"},\"inLanguage\":\"de\",\"potentialAction\":[{\"@type\":\"ReadAction\",\"target\":[\"https:\/\/www.golftrophytenerife.com\/de\/sponsoren\/\"]}]},{\"@type\":\"BreadcrumbList\",\"@id\":\"https:\/\/www.golftrophytenerife.com\/de\/sponsoren\/#breadcrumb\",\"itemListElement\":[{\"@type\":\"ListItem\",\"position\":1,\"name\":\"Portada\",\"item\":\"https:\/\/www.golftrophytenerife.com\/de\/\"},{\"@type\":\"ListItem\",\"position\":2,\"name\":\"Sponsoren\"}]}]}<\/script>\n<!-- \/ Yoast SEO plugin. -->","yoast_head_json":{"title":"Sponsoren - Golf Trophy Tenerife","description":"Sponsoren Golf Turniere Teneriffa Golf Trophy 2022 auf den besten Golfpl\u00e4tzen Amarilla Golf, Golf del Sur, Costa Adeje, Buenavista, Americas","robots":{"index":"index","follow":"follow","max-snippet":"max-snippet:-1","max-image-preview":"max-image-preview:large","max-video-preview":"max-video-preview:-1"},"canonical":"https:\/\/www.golftrophytenerife.com\/de\/sponsoren\/","og_locale":"de_DE","og_type":"article","og_title":"Sponsoren - Golf Trophy Tenerife","og_description":"Sponsoren Golf Turniere Teneriffa Golf Trophy 2022 auf den besten Golfpl\u00e4tzen Amarilla Golf, Golf del Sur, Costa Adeje, Buenavista, Americas","og_url":"https:\/\/www.golftrophytenerife.com\/de\/sponsoren\/","og_site_name":"Golf Trophy Tenerife","article_publisher":"https:\/\/www.facebook.com\/golftrophytenerife","article_modified_time":"2024-01-29T12:11:29+00:00","og_image":[{"url":"https:\/\/www.golftrophytenerife.com\/wp-content\/uploads\/2024\/01\/Hyatt.png"}],"twitter_card":"summary_large_image","twitter_misc":{"Gesch\u00e4tzte Lesezeit":"8\u00a0Minuten"},"schema":{"@context":"https:\/\/schema.org","@graph":[{"@type":"Organization","@id":"https:\/\/www.golftrophytenerife.com\/#organization","name":"Golf Trophy Tenerife","url":"https:\/\/www.golftrophytenerife.com\/","sameAs":["https:\/\/www.facebook.com\/golftrophytenerife","https:\/\/www.instagram.com\/golftrophytf\/?hl=es"],"logo":{"@type":"ImageObject","@id":"https:\/\/www.golftrophytenerife.com\/#logo","inLanguage":"de","url":"https:\/\/www.golftrophytenerife.com\/wp-content\/uploads\/2022\/04\/image001.png","contentUrl":"https:\/\/www.golftrophytenerife.com\/wp-content\/uploads\/2022\/04\/image001.png","width":3554,"height":3550,"caption":"Golf Trophy Tenerife"},"image":{"@id":"https:\/\/www.golftrophytenerife.com\/#logo"}},{"@type":"WebSite","@id":"https:\/\/www.golftrophytenerife.com\/#website","url":"https:\/\/www.golftrophytenerife.com\/","name":"Golf Trophy Tenerife","description":"Torneos Golf Internacionales Tenerife","publisher":{"@id":"https:\/\/www.golftrophytenerife.com\/#organization"},"potentialAction":[{"@type":"SearchAction","target":{"@type":"EntryPoint","urlTemplate":"https:\/\/www.golftrophytenerife.com\/?s={search_term_string}"},"query-input":"required name=search_term_string"}],"inLanguage":"de"},{"@type":"ImageObject","@id":"https:\/\/www.golftrophytenerife.com\/de\/sponsoren\/#primaryimage","inLanguage":"de","url":"https:\/\/www.golftrophytenerife.com\/wp-content\/uploads\/2024\/01\/Hyatt.png","contentUrl":"https:\/\/www.golftrophytenerife.com\/wp-content\/uploads\/2024\/01\/Hyatt.png","width":520,"height":191},{"@type":"WebPage","@id":"https:\/\/www.golftrophytenerife.com\/de\/sponsoren\/#webpage","url":"https:\/\/www.golftrophytenerife.com\/de\/sponsoren\/","name":"Sponsoren - Golf Trophy Tenerife","isPartOf":{"@id":"https:\/\/www.golftrophytenerife.com\/#website"},"primaryImageOfPage":{"@id":"https:\/\/www.golftrophytenerife.com\/de\/sponsoren\/#primaryimage"},"datePublished":"2022-03-16T12:49:14+00:00","dateModified":"2024-01-29T12:11:29+00:00","description":"Sponsoren Golf Turniere Teneriffa Golf Trophy 2022 auf den besten Golfpl\u00e4tzen Amarilla Golf, Golf del Sur, Costa Adeje, Buenavista, Americas","breadcrumb":{"@id":"https:\/\/www.golftrophytenerife.com\/de\/sponsoren\/#breadcrumb"},"inLanguage":"de","potentialAction":[{"@type":"ReadAction","target":["https:\/\/www.golftrophytenerife.com\/de\/sponsoren\/"]}]},{"@type":"BreadcrumbList","@id":"https:\/\/www.golftrophytenerife.com\/de\/sponsoren\/#breadcrumb","itemListElement":[{"@type":"ListItem","position":1,"name":"Portada","item":"https:\/\/www.golftrophytenerife.com\/de\/"},{"@type":"ListItem","position":2,"name":"Sponsoren"}]}]}},"_links":{"self":[{"href":"https:\/\/www.golftrophytenerife.com\/de\/wp-json\/wp\/v2\/pages\/3713","targetHints":{"allow":["GET"]}}],"collection":[{"href":"https:\/\/www.golftrophytenerife.com\/de\/wp-json\/wp\/v2\/pages"}],"about":[{"href":"https:\/\/www.golftrophytenerife.com\/de\/wp-json\/wp\/v2\/types\/page"}],"author":[{"embeddable":true,"href":"https:\/\/www.golftrophytenerife.com\/de\/wp-json\/wp\/v2\/users\/2"}],"replies":[{"embeddable":true,"href":"https:\/\/www.golftrophytenerife.com\/de\/wp-json\/wp\/v2\/comments?post=3713"}],"version-history":[{"count":13,"href":"https:\/\/www.golftrophytenerife.com\/de\/wp-json\/wp\/v2\/pages\/3713\/revisions"}],"predecessor-version":[{"id":6284,"href":"https:\/\/www.golftrophytenerife.com\/de\/wp-json\/wp\/v2\/pages\/3713\/revisions\/6284"}],"wp:attachment":[{"href":"https:\/\/www.golftrophytenerife.com\/de\/wp-json\/wp\/v2\/media?parent=3713"}],"curies":[{"name":"wp","href":"https:\/\/api.w.org\/{rel}","templated":true}]}}